{"id":18,"date":"2014-01-25T23:29:37","date_gmt":"2014-01-25T21:29:37","guid":{"rendered":"http:\/\/www.regattaverein-wuerzburg.de\/neu\/?page_id=18"},"modified":"2019-01-09T18:50:28","modified_gmt":"2019-01-09T16:50:28","slug":"bocksbeutelregatta","status":"publish","type":"page","link":"http:\/\/www.regattaverein-wuerzburg.de\/?page_id=18","title":{"rendered":"Bocksbeutel-Regatta"},"content":{"rendered":"<p>Jedes Jahr im Oktober, wenn im Maintal die Weintrauben ihre letzte Sonne tanken, genie\u00dfen auch die Ruderer die einmalige Kulisse zwischen den Weinbergen. Hinzu kommt die freundliche Atmosph\u00e4re auf dem Regattaplatz mit dem beliebten <a href=\"http:\/\/www.regattaverein-wuerzburg.de\/neu\/?page_id=57\" title=\"Verpflegung\">Verpflegungsangebot<\/a> und die M\u00f6glichkeit, den Aufenthalt im sch\u00f6nen <a href=\"http:\/\/www.wuerzburg.de\/de\/gaeste\/urlaub-wuerzburg-ferien-wuerzburg.html\" title=\"Stadt W\u00fcrzburg\" target=\"_blank\">W\u00fcrzburg<\/a> am Abend oder in den n\u00e4chsten Tag fortzusetzen. Wir bieten ein breites Wettkampfangebot von den Jungen und M\u00e4dchen (verk\u00fcrzte Strecke, 3000m) \u00fcber die Junior\/innen bis zum Mastersbereich, vom Einer bis zum Achter. Alles zum Rennangebot erfahren Sie in unserer <a href=\"http:\/\/www.regattaverein-wuerzburg.de\/neu\/?page_id=20\" title=\"Ausschreibung und Ergebnisse\">Ausschreibung<\/a>!<br \/>\nF\u00fcr alle Nichtfranken sei angemerkt, dass mit einem <b>Bocksbeutel<\/b> jene ungew\u00f6hnliche und praktisch nur im Frankenland zu findende bauchige Weinflasche gemeint ist. Mit solchen Flaschen &#8211; pardon Bocksbeuteln &#8211; und nat\u00fcrlich passendem Inhalt werden die Sieger der W\u00fcrzburger Regatta geehrt. Und wer einmal nichts gewinnt, kauft sich den Wein an einem Weinstand und genie\u00dft ihn fast wie die Sieger.<\/p>\n<p>Unsere <strong>Regattastrecke<\/strong> liegt in der Main-Stauhaltung W\u00fcrzburg &#8211; Randersacker. Die 4500 Meter lange Strecke f\u00fchrt vom malerischen Weinort Randersacker (Main-Flusskilometer 258,2) flussabw\u00e4rts nach W\u00fcrzburg (Main-Flusskilometer 253,7).<\/p>\n<h4>Startbereich<\/h4>\n<p>Der Startbereich unmittelbar unterhalb der Schleuse in Randersacker. Bedingt durch die Schleuse herrscht im Startbereich fast keine Str\u00f6mung, so dass sich jeder Ruderer in Ruhe auf sein Rennen vorbereiten kann. Es ist mehr als gen\u00fcgend Platz f\u00fcr die vielen Boote!<\/p>\n<div align=\"center\">\n<img decoding=\"async\" src=\"http:\/\/regattaverein-wuerzburg.de\/neu\/bilder\/AmStart2.jpg\" alt=\"AmStart2\" \/><br \/>\n<img decoding=\"async\" src=\"http:\/\/regattaverein-wuerzburg.de\/neu\/bilder\/AmStart1.jpg\" alt=\"AmStart1\" \/>\n<\/div>\n<p><\/p>\n<p>Das Startteam ruft die Boote auf und fordert sie zum Anfahren auf. Gestartet wird fliegend im 1-Minuten-Abstand.<\/p>\n<div align=\"center\">\n<img decoding=\"async\" src=\"http:\/\/regattaverein-wuerzburg.de\/neu\/bilder\/Startteam.jpg\" alt=\"Startteam\" \/>\n<\/div>\n<p><\/p>\n<p>Der erste Kilometer unterhalb des Starts (wir blicken hier flussabw\u00e4rts). Im Oktober leuchten die Weinberge in Gr\u00fcn- und Gelbt\u00f6nen.<\/p>\n<div align=\"center\">\n<img decoding=\"async\" src=\"http:\/\/regattaverein-wuerzburg.de\/neu\/bilder\/strecke_nachdem_start.jpg\" alt=\"Nach dem Start\" \/>\n<\/div>\n<p><\/p>\n<h4>&#8222;R\u00f6perbucht&#8220;<\/h4>\n<p>Nach ungef\u00e4hr 1500 Meter passieren wir die sog. R\u00f6perbucht (benannt nach dem dort ans\u00e4ssigen Kieswerk). Hier befindet sich auch der Start zu den 3000 Meter Rennen.<\/p>\n<div align=\"center\">\n<img decoding=\"async\" src=\"http:\/\/regattaverein-wuerzburg.de\/neu\/bilder\/strecke_roeperbucht.jpg\" alt=\"An der R\u00f6perbucht\" \/>\n<\/div>\n<p><\/p>\n<p>Der Blick von der R\u00f6perbucht flussabw\u00e4rts. Schnurgerade geht es jetzt dem Ziel entgegen.<\/p>\n<div align=\"center\">\n<img decoding=\"async\" src=\"http:\/\/regattaverein-wuerzburg.de\/neu\/bilder\/strecke_nach_roeper.jpg\" alt=\"An der R\u00f6perbucht\" \/>\n<\/div>\n<p><\/p>\n<h4>Zieleinlauf<\/h4>\n<p>Geschafft! Diesen herrlichen Blick hat man vom Sebastian-Kneipp-Steg, der ca. 400 Meter vor dem Ziel in W\u00fcrzburg den Main \u00fcberspannt. Nur noch wenige Schl\u00e4ge bis ins Ziel. Im Hintergrund ist die Festung Marienberg zu erkennen, ein lohnenswertes Ziel f\u00fcr einen Ausflug nach der Regatta.<\/p>\n<div align=\"center\">\n<img decoding=\"async\" src=\"http:\/\/regattaverein-wuerzburg.de\/neu\/bilder\/strecke_im_ziel.jpg\" alt=\"Im Ziel\" \/>\n<\/div>\n","protected":false},"excerpt":{"rendered":"<p>Jedes Jahr im Oktober, wenn im Maintal die Weintrauben ihre letzte Sonne tanken, genie\u00dfen auch die Ruderer die einmalige Kulisse zwischen den Weinbergen. Hinzu kommt die freundliche Atmosph\u00e4re auf dem Regattaplatz mit dem beliebten Verpflegungsangebot und die M\u00f6glichkeit, den Aufenthalt im sch\u00f6nen W\u00fcrzburg am Abend oder in den n\u00e4chsten Tag fortzusetzen. Wir bieten ein breites [&hellip;]<\/p>\n","protected":false},"author":1,"featured_media":0,"parent":0,"menu_order":0,"comment_status":"closed","ping_status":"closed","template":"","meta":{"footnotes":""},"class_list":["post-18","page","type-page","status-publish","hentry"],"_links":{"self":[{"href":"http:\/\/www.regattaverein-wuerzburg.de\/index.php?rest_route=\/wp\/v2\/pages\/18","targetHints":{"allow":["GET"]}}],"collection":[{"href":"http:\/\/www.regattaverein-wuerzburg.de\/index.php?rest_route=\/wp\/v2\/pages"}],"about":[{"href":"http:\/\/www.regattaverein-wuerzburg.de\/index.php?rest_route=\/wp\/v2\/types\/page"}],"author":[{"embeddable":true,"href":"http:\/\/www.regattaverein-wuerzburg.de\/index.php?rest_route=\/wp\/v2\/users\/1"}],"replies":[{"embeddable":true,"href":"http:\/\/www.regattaverein-wuerzburg.de\/index.php?rest_route=%2Fwp%2Fv2%2Fcomments&post=18"}],"version-history":[{"count":14,"href":"http:\/\/www.regattaverein-wuerzburg.de\/index.php?rest_route=\/wp\/v2\/pages\/18\/revisions"}],"predecessor-version":[{"id":394,"href":"http:\/\/www.regattaverein-wuerzburg.de\/index.php?rest_route=\/wp\/v2\/pages\/18\/revisions\/394"}],"wp:attachment":[{"href":"http:\/\/www.regattaverein-wuerzburg.de\/index.php?rest_route=%2Fwp%2Fv2%2Fmedia&parent=18"}],"curies":[{"name":"wp","href":"https:\/\/api.w.org\/{rel}","templated":true}]}}