{"id":292,"date":"2019-01-09T18:41:30","date_gmt":"2019-01-09T16:41:30","guid":{"rendered":"http:\/\/www.regattaverein-wuerzburg.de\/?page_id=292"},"modified":"2019-03-05T19:50:44","modified_gmt":"2019-03-05T17:50:44","slug":"100-jahre-regattaverein-wuerzburg-eine-chronik","status":"publish","type":"page","link":"http:\/\/www.regattaverein-wuerzburg.de\/?page_id=292","title":{"rendered":"100 Jahre Regattaverein W\u00fcrzburg &#8211; Eine Chronik"},"content":{"rendered":"<p>2019 blickt der Regattaverein W\u00fcrzburg auf 100 Jahre Bestehen und 143 Jahre Wettkampfrudern in W\u00fcrzburg zur\u00fcck. Die folgenden Angaben hat <strong>Volker Sator<\/strong> aus Festschriften, zeitgen\u00f6ssischen Zeitungsartikeln und den Archiven der W\u00fcrzburger Rudervereine \u00fcber die Jahre zusammengetragen, wof\u00fcr wir ihm sehr dankbar sind! Sicher ist die Aufstellung dennoch l\u00fcckenhaft und wir haben nicht zu allen Ereignissen Informationen finden k\u00f6nnen. Deshalb bitten wir um Unterst\u00fctzung bei der Aufarbeitung der Geschichte des Regattavereins W\u00fcrzburg und des Wettkampfruderns in dieser Stadt. Wir freuen uns \u00fcber Zusendungen von Bildern, Geschichten und Daten \u00fcber das Regattageschehen in W\u00fcrzburg an: <a title=\"100jahre@regattaverein-wuerzburg.de\" href=\"mailto:100jahre@regattaverein-wuerzburg.de\" target=\"_blank\" rel=\"noopener\">100jahre@regattaverein-wuerzburg.de<\/a>.<\/p>\n<div align=\"center\"><img decoding=\"async\" alt=\"Erstes Bootshaus in W\u00fcrzburg\" src=\"http:\/\/www.regattaverein-wuerzburg.de\/neu\/bilder\/Erstes Bootshaus in W\u00dc-WRV.jpg\" \/><br \/>\n<em>Das erste Bootshaus in W\u00fcrzburg (mit noch wenigen Booten \/ WRV v. 1875); Bild: Festschrift 50 Jahre WRV (1925)<\/em><\/div>\n<table>\n<tbody>\n<tr>\n<td width=\"120\">08.07.1876<\/td>\n<td><strong>Erste \u201eKleine Regatta\u201c<\/strong> &#8211; (zwei Vereine: Frankfurter RV \/ WRV v.1875) Rennen im \u201eDollen-Vierer\u201c (von engl. Bootswerft durch WRV angekauft) und im Zweier &#8211; Rennstrecke im Vierer = 3600m<\/td>\n<\/tr>\n<tr>\n<td width=\"120\">15.10.1882<\/td>\n<td><strong>Gr\u00fcndung des Bayerischen Ruderverbandes in W\u00fcrzburg<\/strong> im Bootshaus des WRV v. 1875<br \/>\nMitglieder: Deggendorfer RV, Ha\u00dffurter RV, M\u00fcnchener RK, RV N\u00fcrnberg, Passauer RV, Straubinger RK, Schweinfurter RK \u201eFranken\u201c, Schweinfurter RV, W\u00fcrzburger RV<\/td>\n<\/tr>\n<tr>\n<td width=\"120\">15.07.1883<\/td>\n<td><strong>1. Bayerische Verbandsregatta in W\u00fcrzburg<\/strong> Regattastrecke auf dem Main zwischen W\u00fcrzburg und Zell &#8212; Ehrenpreise u. a. von kgl. Majest\u00e4t Ludwig II, kgl. Hoheiten Prinz Ludwig und Prinz Otto<\/td>\n<\/tr>\n<tr>\n<td width=\"120\"><\/td>\n<td>(die n\u00e4chsten Bayerischen Verbandsregatten: 1884 in Passau, 1885 in Starnberg, 1886 in Schweinfurt, 1887 in Deggendorf)<\/td>\n<\/tr>\n<tr>\n<td width=\"120\">08.07.1888<\/td>\n<td><strong>6. Bayerische Verbandsregatta in W\u00fcrzburg<\/strong> Rennstrecke diesmal am Obermain \/ Ziel am alten Schie\u00dfhaus = 50m oberhalb der Ludwigsbr\u00fccke &#8212; \u201eGl\u00e4nzende Preisverleihung\u201c im Hutten`schen Garten!<\/td>\n<\/tr>\n<tr>\n<td width=\"120\">1889<\/td>\n<td>Kein Verein richtet mehr die Verbandsregatta aus. Der BRV l\u00f6ste sich nach erst 6-j\u00e4hrigem Bestehen wieder auf.<\/td>\n<\/tr>\n<tr>\n<td width=\"120\">08.07.1889<\/td>\n<td><strong>\u201eKleine Regatta\u201c<\/strong> aus Anlass des 1200jg.- Kiliansjubil\u00e4ums (von ausw\u00e4rts nur 1 Vierer des M\u00fcnchener RK)<\/td>\n<\/tr>\n<tr>\n<td width=\"120\">09.08.1896<\/td>\n<td>Aus Anlass der 2. Bootshauseinweihung des WRV <strong>\u201eKleine Regatta\u201c<\/strong> mit mehreren Rennen und ausw\u00e4rtiger Beteiligung.<\/td>\n<\/tr>\n<tr>\n<td width=\"120\">1897<\/td>\n<td>Anlass Stiftungsfest des WRV: Einige Vereins-Rennen und GIG-Zweier-Rennen mit ausw\u00e4rtiger Beteiligung.<br \/>\nNeu: <strong>Dauerrudern im Vierer<\/strong> = 20 km \/ W\u00fcrzburg &#8211; Eibelstadt und zur\u00fcck. (Es gab noch keine Schleuse in Randersacker).<\/td>\n<\/tr>\n<tr>\n<td width=\"120\">13.02.1898<\/td>\n<td><strong>Gr\u00fcndung des Fr\u00e4nkischen Ruderverbandes in W\u00fcrzburg<\/strong> Mitglieder: WRV v. 1875, Schweinfurter RC Franken, Bamberger RG, Kitzinger RV, N\u00fcrnberger RV und 7 weitere Verbandsvereine.<\/td>\n<\/tr>\n<tr>\n<td width=\"120\">17.07.1898<\/td>\n<td><strong>1. Fr\u00e4nkische Verbandsregatta in W\u00fcrzburg<\/strong> Protektorat: Kgl. Hoheit Prinz Ludwig von Bayern.\/ Gestiftet: Ehrenwanderpreis (Goldschmiedekunst) f\u00fcr Achterrennen, Ehrenpreis Prinzregent Luitpold, Ehrenpreis Majest\u00e4t Kaiser Wilhelm (schwerer silberner Humpen).<br \/>\nRennstrecke: zwischen Heidingsfelder- und Ludwigsbr\u00fccke &#8211; Ziel auf Stadtseite. Teilnehmer: 11 Vereine, 37 Boote, 157 Ruderer. Guter Verlauf, jedoch \u201emagerer\u201c finanzieller Erfolg.<\/td>\n<\/tr>\n<\/tbody>\n<\/table>\n<div align=\"center\"><img decoding=\"async\" alt=\"Verbandspokal Achter K\u00f6nig Ludwig\" src=\"http:\/\/www.regattaverein-wuerzburg.de\/neu\/bilder\/Verbandspokal Achter K\u00f6nig Ludwig.jpg\" \/><br \/>\n<em>Verbands-Achterpreis &#8211; gestiftet von kgl. Hoheit Prinz Ludwig von Bayern; Bild: Festschrift 75 Jahre WRV (1950)<\/em><\/div>\n<table>\n<tbody>\n<tr>\n<td width=\"120\">21.08.1898<\/td>\n<td>In W\u00fcrzburg: Vierer-Rennen um den <strong>Kaiser-Wilhelm-Ehrenwanderpreis<\/strong> mit Mannschaften u.a. aus Frankfurt und Mannheim. &#8211; Erstmalige Austragung des <strong>\u201eFr\u00e4nkischen Mainpokals\u201c<\/strong>, gestiftet vom WRV &#8211; \u201ezur Hebung des Skullens\u201c!<\/td>\n<\/tr>\n<tr>\n<td width=\"120\">15.07.1900<\/td>\n<td><strong>3. Fr\u00e4nkische Verbandsregatta in W\u00fcrzburg<\/strong> Ziel und Festplatz beim Bootshaus &#8211; Teilnehmer in 14 Rennen (11 Vorrennen!): 13 Vereine, 59 Boote, 265 Ruderer<\/td>\n<\/tr>\n<tr>\n<td width=\"120\">17.05.1903<\/td>\n<td>Tagung des Bayer. Kanalvereins in W\u00fcrzburg (WRV-Besuch durch kgl. Hoheit Prinz Ludwig &#8211; Auffahrt der Vereine des Fr\u00e4nkischen Ruderverbandes.)<\/td>\n<\/tr>\n<\/tbody>\n<\/table>\n<div align=\"center\"><img decoding=\"async\" alt=\"Empfang Prinz Ludwig\" src=\"http:\/\/www.regattaverein-wuerzburg.de\/neu\/bilder\/Empfang Prinz Ludwig.jpg\" \/><br \/>\n<em>WRV-Besuch durch kgl. Hoheit Prinz Ludwig; Bild: Festschrift 75 Jahre WRV (1950)<\/em><\/div>\n<table>\n<tbody>\n<tr>\n<td width=\"120\">10.07.1904<\/td>\n<td><strong>7. Fr\u00e4nkische Verbandsregatta in W\u00fcrzburg<\/strong><\/td>\n<\/tr>\n<tr>\n<td width=\"120\">08.\/09.07.1905<\/td>\n<td><strong>8. Fr\u00e4nkische Verbandsregatta in W\u00fcrzburg<\/strong><\/td>\n<\/tr>\n<tr>\n<td width=\"120\">31.08.1905<\/td>\n<td><strong>Gr\u00fcndung des Akademischen Ruderclub W\u00fcrzburg<\/strong><\/td>\n<\/tr>\n<tr>\n<td width=\"120\">1905<\/td>\n<td><strong>Gr\u00fcndung der W\u00fcrzburger Rudergesellschaft<\/strong> \/ Ruderwettfahrt im Vierer<\/td>\n<\/tr>\n<tr>\n<td width=\"120\">12.\/13.07.1908<\/td>\n<td><strong>11. Fr\u00e4nkische Verbandsregatta in W\u00fcrzburg<\/strong><br \/>\nTeilnahme: in 20 Rennen, 31 Vereine, 139 Boote, 629 Ruderer<\/td>\n<\/tr>\n<tr>\n<td width=\"120\">07.08.1910<\/td>\n<td><strong>Regatta der WRG<\/strong> &#8211; aus Anlass der Bootshauseinweihung<br \/>\nTeilnehmer: 11 Vereine mit 40 Booten  &#8212;  unter dem Protektorat seiner Kgl. Hoheit, Prinz Luitpold von Bayern, &#8211; ein F\u00f6rderer des Rudersports &#8211; Ehrenpreis f\u00fcr Fr\u00e4nkischen Verbands-Achter.<\/td>\n<\/tr>\n<\/tbody>\n<\/table>\n<div align=\"center\"><img decoding=\"async\" alt=\"Verbandsachter 1925\" src=\"http:\/\/www.regattaverein-wuerzburg.de\/neu\/bilder\/Verbandsachter 1925.jpg\" \/><br \/>\n<em>Verbandsachter 1925; Bild: Festschrift 50 Jahre WRV (1925)<\/em><\/div>\n<table>\n<tbody>\n<tr>\n<td width=\"120\">29.\/30.07.1912<\/td>\n<td><strong>15. Fr\u00e4nkische Verbandsregatta<\/strong> (WRV)<br \/>\nStrecke Obermain, Ziel 600m abw\u00e4rts bei Hotel Schwan, Endk\u00e4mpfe vom Ufer bei der Flu\u00dfbreite durch Besucher gut zu beobachten &#8211; Sattelplatz mit Unterk\u00fcnften oberhalb gegen\u00fcberliegendem Wehr. &#8211; Teilnehmer in 24 Rennen: 31 Vereine, 193 Boote, 886 Ruderer.<\/td>\n<\/tr>\n<tr>\n<td width=\"120\">18.08.1912<\/td>\n<td><strong>1. W\u00fcrzburger Herbstrudern<\/strong> u. a. Rennen im Zweier o. Stm.<\/td>\n<\/tr>\n<tr>\n<td width=\"120\">17.08.1913<\/td>\n<td><strong>2. W\u00fcrzburger Herbstrudern<\/strong> u. a. 2er-Preis \u201eFranziska-Kitz\u201c, 4er-Preis \u201cVom Stein\u201c<\/td>\n<\/tr>\n<tr>\n<td width=\"120\">04.08.1914<\/td>\n<td>Herbstwettrudern des WRV wurde durch den Ausbruch des 1. Weltkriegs unterbrochen<\/td>\n<\/tr>\n<tr>\n<td width=\"120\">17.08.1919<\/td>\n<td><strong>Erste internationale Nachkriegs-Regatta<\/strong> ausgerichtet durch 4 W\u00fcrzburger Rudervereine + ein Gymnasialruderklub (10 Rennen im Vierer, Zweier, Einer)<\/td>\n<\/tr>\n<tr>\n<td width=\"120\">14.09.1919<\/td>\n<td><strong>Herbstregatta mit Mainpokal und Dauerrudern<\/strong> 4. W\u00fcrzburger Dauerrudern = 6 km stromauf und -ab &#038; ein Rennen im fr\u00e4nkischen Mainpokal<\/td>\n<\/tr>\n<tr>\n<td width=\"120\">05.08.1919<\/td>\n<td><strong>Gr\u00fcndungs-Kommers des Regattavereins W\u00fcrzburg<\/strong> in der Schrannenhalle durch Vertreter der damals 4 W\u00fcrzburger Rudervereine: WRV 1875 \/ WRG 1905 \/ ARCW \/ WRC Bayern<\/td>\n<\/tr>\n<tr>\n<td width=\"120\">15.08.1920<\/td>\n<td><strong>5. W\u00fcrzburger Herbstrudern<\/strong><\/td>\n<\/tr>\n<tr>\n<td width=\"120\">01.05.1921<\/td>\n<td>(Erstmals?) <strong>Gemeinsames Anrudern<\/strong> der 4 W\u00fcrzburger Vereine<\/td>\n<\/tr>\n<\/tbody>\n<\/table>\n<div align=\"center\"><img decoding=\"async\" alt=\"19. Fr\u00e4nkische Verbandsregatta\" src=\"http:\/\/www.regattaverein-wuerzburg.de\/neu\/bilder\/Verbandsregatta1921_low.jpg\" \/><br \/>\n<em>Titelseite des Programmhefts zur 19. Fr\u00e4nkischen Verbandsregatta; Bild: Festschrift 125 Jahre WRVB (2000)<\/em><\/div>\n<table>\n<tbody>\n<tr>\n<td width=\"120\">25.\/26.06.1921<\/td>\n<td><strong>19. Fr\u00e4nkische Verbandsregatta<\/strong> Veranstalter: Regattaverein W\u00fcrzburg<br \/>\nZiel beim Zeller Brauhaus; Gl\u00e4nzendes Meldeergebnis: in 26 Rennen meldeten 37 Vereine in 304 Booten, 1639 Ruderer! &#8211; 2 Rennteilungen, 53 Vorrenen n\u00f6tig. &#8211; (Schiedsrichter sind vom Eisenbahnzug aus t\u00e4tig!)<\/td>\n<\/tr>\n<tr>\n<td width=\"120\">30.06.\/<br \/>\n01.07.1921<\/td>\n<td><strong>21. Fr\u00e4nkische Verbandsregatta<\/strong> Veranstalter: Regattaverein W\u00fcrzburg<br \/>\nZiel an Alter Mainbr\u00fccke; zu 27 Rennen meldeten 28 Vereine in 278 Booten mit 1466 Ruderern<\/td>\n<\/tr>\n<tr>\n<td width=\"120\">04.\/05.07.1925<\/td>\n<td><strong>23. Fr\u00e4nkische Verbands- u. Jubil\u00e4ums-Regatta in W\u00fcrzburg<\/strong> In 25 Rennen von 22 Vereinen begegneten sich 836 Ruderer in 157 Booten.<\/td>\n<\/tr>\n<tr>\n<td width=\"120\">August 1926<\/td>\n<td><strong>W\u00fcrzburger Stadt-Ruderregatta<\/strong><\/td>\n<\/tr>\n<tr>\n<td width=\"120\">31.07.1927<\/td>\n<td><strong>12. Herbst-Wettrudern<\/strong> (Preis des Regattavereins im Vierer)<\/td>\n<\/tr>\n<tr>\n<td width=\"120\">Juni 1929<\/td>\n<td><strong>Fr\u00e4nkische Verbandsregatta<\/strong> in W\u00fcrzburg<\/td>\n<\/tr>\n<tr>\n<td width=\"120\">1931<\/td>\n<td>mangels Anmeldungen fiel die 28. W\u00fcrzburger Ruder-Regatta aus<\/td>\n<\/tr>\n<tr>\n<td width=\"120\">06.\/07.07.1935<\/td>\n<td><strong>33. Fr\u00e4nkische Verbandsregatta<\/strong> in W\u00fcrzburg<\/td>\n<\/tr>\n<\/tbody>\n<\/table>\n<div align=\"center\"><img decoding=\"async\" alt=\"Medaille\" src=\"http:\/\/www.regattaverein-wuerzburg.de\/neu\/bilder\/RVW-Ehrenzeichen-1935.jpg\" \/><br \/>\n<em>Bild: Volker Sator<\/em><\/div>\n<p>&#8212; In den Aufzeichnungen finden sich \u00fcber die Jahre der NS-Zeit nur wenige Angaben. Gerne nehmen wir Hinweise entgegen! &#8212;<\/p>\n<table>\n<tbody>\n<tr>\n<td width=\"120\">1940<\/td>\n<td>Wahrscheinlich <strong>letzte (Jugend-)Regatta in W\u00fcrzburg<\/strong> w\u00e4hrend des 2. Weltkriegs<\/td>\n<\/tr>\n<tr>\n<td width=\"120\">11.09.1949<\/td>\n<td><strong>Wiederbelebung des Fr\u00e4nkischen Regattaverbandes<\/strong> in Kitzingen<\/td>\n<\/tr>\n<tr>\n<td width=\"120\">08.\/09.07.1950<\/td>\n<td><strong>37. Fr\u00e4nkische Verbandsregatta<\/strong> (Jubil\u00e4ums-Regatta = 75 Jahre WRV)<br \/>\n&#8222;auf dem unteren Main zu W\u00fcrzburg&#8220; (Hafenm\u00fcndung Staatshafen bis B\u00fcrgerbr\u00e4u-Keller), Vors.: Ludwig Eisele, Rudolf Eckstein; Teilnehmer: 31 Vereine mit 125 Booten<\/td>\n<\/tr>\n<tr>\n<td width=\"120\">29.11.1951<\/td>\n<td>Gr\u00fcndung einer Arbeits-Gemeinschaft &#8222;Regattaverein W\u00fcrzburg&#8220;<\/td>\n<\/tr>\n<tr>\n<td width=\"120\">06.01.1952<\/td>\n<td><strong>Festball<\/strong> zur Gr\u00fcndung des &#8222;W\u00fcrzburger Regattavereins&#8220; in s\u00e4mtlichen S\u00e4len des Platz`schen Gartens mit Aufruf zu &#8222;Einigkeit&#8220;<\/td>\n<\/tr>\n<tr>\n<td width=\"120\">18.05.1953<\/td>\n<td><strong>Wiedegr\u00fcndung des W\u00fcrzburger Regattavereins<\/strong> im Bootshaus des WRV (Vorsitz: Toni Rohm) &#8211; Gr\u00fcndung eines 6-k\u00f6pfigen Vorstandes und eines Ausschusses aus 14 Mitgliedern der drei W\u00fcrzburger RV. Ziel: Ausrichtung vor allem W\u00fcrzburger Regatten als auch weiterer Sport- und Gesellschafts-Veranstaltungen.<\/td>\n<\/tr>\n<tr>\n<td width=\"120\">29.11.1953<\/td>\n<td><strong>Fr\u00e4nkischer Rudertag <\/strong>in W\u00fcrzburg<br \/>\nBeschl\u00fcsse \u00fcber zuk\u00fcnftige Regatten: a) Verbands-Regatta: 1. Juli-Wochenende wechselnd zwischen Aschaffenburg, Schweinfurt, W\u00fcrzburg. b) Fr\u00e4nkische Herbst- u. Jugend-Regatten am Dritten September-Sonntag (ebenfalls wechselnd,) + interne Verbandsrennen.<\/td>\n<\/tr>\n<tr>\n<td width=\"120\">23.06.1961<\/td>\n<td><strong>26. W\u00fcrzburger Ruderregatta <\/strong>erstmalig wieder nach dem Krieg, nunmehr allj\u00e4hrlich, f\u00fchrt Tradition der Fr\u00e4nkischen Verbandsregatten und W\u00fcrzburger Stadtregatten der Vorkriegsjahre fort.  Sonntag, 9-14 Uhr: 33 Vereine, 491 Ruderer, 29 Rennen \u00fcber 1900m.   &#8211; 1. Vorsitzender: Franz Fersch<\/td>\n<\/tr>\n<tr>\n<td width=\"120\">23.06.1965<\/td>\n<td><strong>Jubil\u00e4umsregatta <\/strong>(90 Jahre WRV, 60 Jahre WRGB und ARCW)<br \/>\nNeue \u00dcberspannungen und Startanlagen; 2000m-Strecke &#8211; Start: Heidingsfelder Eisenbahn-Br\u00fccke \/ Ziel: L\u00f6wenbr\u00fccke<\/td>\n<\/tr>\n<tr>\n<td width=\"120\">07.10.1967<\/td>\n<td><strong>W\u00fcrzburger Stadtmeisterschaften <\/strong>\u00fcber 700m im Einer, Vierer und Achter<\/td>\n<\/tr>\n<tr>\n<td width=\"120\">20.\/21.07.1969<\/td>\n<td><strong>33. W\u00fcrzburger Ruderregatta <\/strong><br \/>\n2000m-Strecke (mit Vorrennen) + 1500 \/ 1000m &#8211; 970 Aktive \/ 66 Vereine  Ziel: Trib\u00fcne L\u00f6wenbr\u00fccke<\/td>\n<\/tr>\n<\/tbody>\n<\/table>\n<div align=\"center\"><img decoding=\"async\" alt=\"Vierer 1960er\" src=\"http:\/\/www.regattaverein-wuerzburg.de\/neu\/bilder\/Vierer 1960er.jpg\" \/><br \/>\n<em>Vierermannschaft am Oberen Mainkai (1960er Jahre); Bild: unbekannt<\/em><\/div>\n<table>\n<tbody>\n<tr>\n<td width=\"120\">23.-25.07.1971<\/td>\n<td><strong>36. W\u00fcrzburger Ruderregatta <\/strong><br \/>\nFreitag: 1. BRV-Landesentscheid  \u201eJugend trainiert f\u00fcr Olympia\u201c auf 1000m: 23 Schulen, 20 Rennen + Vorrennen<br \/>\nSamstag: L\u00e4ndervergleich Junioren:  Deutschland-Frankreich in 6 Bootsklassen<\/td>\n<\/tr>\n<tr>\n<td width=\"120\">21.\/22.07.1973<\/td>\n<td><strong>38. W\u00fcrzburger Ruderregatta <\/strong> Streckenverk\u00fcrzung auf 1500\/1000m (gerade Strecke)<\/td>\n<\/tr>\n<tr>\n<td width=\"120\">21.\/22.06.1975<\/td>\n<td><strong>40. W\u00fcrzburger Ruderregatta <\/strong> mit 1. Bayerischen Meisterschaften der M\u00e4nner\/Frauen mit 8 Rennen<\/td>\n<\/tr>\n<tr>\n<td width=\"120\">01.05.1976<\/td>\n<td><strong>Stadtachter <\/strong> beim gemeinsamen Anrudern; 1. Gewinner: ARCW<\/td>\n<\/tr>\n<tr>\n<td width=\"120\">09.\/10.09.1978<\/td>\n<td><strong>43. W\u00fcrzburger Ruderregatta <\/strong> erstmals ab neuem Seb.-Kneipp-Steg: 500m-Kurzstrecke<\/td>\n<\/tr>\n<tr>\n<td width=\"120\">12.10.1978<\/td>\n<td><strong>1. Fr\u00e4nkisches Volksrudern <\/strong> (Breitensport) zwischen Schleusenhaltung Randersacker und W\u00fcrzburg, frei w\u00e4hlbar in div. Bootsklassen, je 11 km f\u00fcr Bronze-\/ Silber-\/ Gold-Medaillen, ohne Zeitlimit<\/td>\n<\/tr>\n<tr>\n<td width=\"120\">11.02.1979<\/td>\n<td><strong>BRV-Schwimm-Meisterschaften <\/strong> (Breitensport) im Hallenbad des Friedrich-K\u00f6nig-Gymnasiums: 13 Vereine, 36 Wettk\u00e4mpfe, ca. 300 Schwimmer, 26 Staffeln<\/td>\n<\/tr>\n<tr>\n<td width=\"120\">04.\/05.05.1985<\/td>\n<td><strong>50. W\u00fcrzburger Ruderregatta <\/strong> (Jubil\u00e4umsregatta)<\/td>\n<\/tr>\n<tr>\n<td width=\"120\">19.\/20.09.1987<\/td>\n<td><strong>52. W\u00fcrzburger Ruderregatta <\/strong> Letzte \u201eNormalstreckenregatta\u201c in W\u00fcrzburg &#8211; stark nachlassendes Teilnehmer-Interesse<\/td>\n<\/tr>\n<\/tbody>\n<\/table>\n<div align=\"center\"><img decoding=\"async\" alt=\"Streckenwechsel Kurz-Lang-87\" src=\"http:\/\/www.regattaverein-wuerzburg.de\/neu\/bilder\/Streckenwechsel Kurz-Lang-87.jpg\" \/><br \/>\n<em>Wechsel auf die Langstrecke; Bild: Volker Sator<\/em><\/div>\n<table>\n<tbody>\n<tr>\n<td width=\"120\">03.10.1987<\/td>\n<td><strong>53. W\u00fcrzburger Ruderregatta <\/strong> 1. Fr\u00e4nkische Bocksbeutel-Langstrecke &#8211; Ruder-Saisonausklang in &#8222;Weinfranken&#8220;: 29 Vereine, 51 Boote<\/td>\n<\/tr>\n<tr>\n<td width=\"120\">15.09.1990<\/td>\n<td><strong>56. W\u00fcrzburger Ruderregatta <\/strong> mit internationaler Teilnahme aus CSFR, Marokko, Ungarn, \u00d6sterreich, England &#8211; auch erstmals neue Bundesl\u00e4nder: 54 Vereine, 111 Boote<\/td>\n<\/tr>\n<tr>\n<td width=\"120\">09.10.1993<\/td>\n<td><strong>59. W\u00fcrzburger Ruderregatta <\/strong> Terminverschiebung auf Saisonschluss bringt Zuwachs: 64 Vereine, 112 Boote; Streckenverk\u00fcrzung auf 4500m, Zielplatz bei Bayernbucht &#8211; Beteiligung aus Partnerstadt Otsu\/Japan. Der im Vorjahr er\u00f6ffnete Rhein-Main-Donau-Kanal f\u00fchrt zu h\u00f6herem Aufkommen der Frachtschifffahrt<\/td>\n<\/tr>\n<tr>\n<td width=\"120\">11.12.1993<\/td>\n<td><strong>Ruderergometer-Wettbewerb &#8222;S\u00fcdwest-Cup&#8220; <\/strong> im UNI-Sportzentrum, 140 Teilnehmer; Ausrichter: RVW\/ARCW<\/td>\n<\/tr>\n<tr>\n<td width=\"120\">12.10.1996<\/td>\n<td><strong>62. W\u00fcrzburger Ruderregatta <\/strong> verbunden mit 10. Lauf zum DRV-Ruderpokal, knapp 200 Boote<br \/>\nStreckenrekord durch Spitzengast \u201eDeutschland-Achter\u201c &#8211; (heimatliche Ehrenfahrt mit Wolfram Huhn (Olympia-Silber 1996) und Dieter Sator (WM-Gold 1995) + zahlreiche Medaillengewinner an Bord) gegen ehem. \u201eBayern-Express\u201c<\/td>\n<\/tr>\n<tr>\n<td width=\"120\">17.10.1998<\/td>\n<td>Die <strong>64. W\u00fcrzburger Ruderregatta <\/strong> muss wegen Hochwassers kurzfristig abgesagt werden.<\/td>\n<\/tr>\n<tr>\n<td width=\"120\">23.09.2000<\/td>\n<td>Die <strong>66. W\u00fcrzburger Ruderregatta <\/strong> muss wegen zu geringer Meldungen abgesagt werden. Wegen der anstehenden Schleusenwartung und deshalb sehr hohem erwartetem Frachtschiffaufkommen wurde ein Alternativtermin im September versucht, jedoch ohne Erfolg.<\/td>\n<\/tr>\n<tr>\n<td width=\"120\">20.10.2001<\/td>\n<td>Auch die <strong>67. W\u00fcrzburger Ruderregatta <\/strong> steht schon wieder auf der Kippe: Diesmal ist der Mainausbau &#8222;schuld&#8220;. Bauschiffe in der W\u00fcrzbger Stauhaltung verhindern die Durchf\u00fchrung einer Regatta. Die intensive Suche nach Alternativen f\u00fchrte zur einmaligen Regattaverlegung nach <strong>Miltenberg<\/strong>, wo uns die dortigen Ruderfreunde tatktr\u00e4ftig unterst\u00fctzten. In einer logistischen Meisterleistung und Umzugsaktion wurde die \u201e15. Bocksbeutel-Langstrecke\u201c durch den RVW vor Miltenberg bei mildem Sp\u00e4therbstwetter abgewickelt. 400 Sportler aus 50 Vereinen freuten sich an dortiger engagierter gastronomischer Betreuung und p\u00fcnktlicher Rennabwicklung vor ungewohnter Bundsandstein-Kulisse.<\/td>\n<\/tr>\n<\/tbody>\n<\/table>\n<div align=\"center\"><img decoding=\"async\" alt=\"Langstrecke Miltenberg-W\u00fcrzburg\" src=\"http:\/\/www.regattaverein-wuerzburg.de\/neu\/bilder\/Langstrecke MIL - W\u00dc.jpg\" \/><br \/>\n<em>Titelseiten der Regattaprogrammhefte von 2001 und 2002; Bild: Volker Sator<\/em><\/div>\n<table>\n<tbody>\n<tr>\n<td width=\"120\">11.\/12.03.2005<\/td>\n<td><strong>Verbandstag des Bayerischern Ruderverbandes<\/strong> in W\u00fcrzburg<\/td>\n<\/tr>\n<tr>\n<td width=\"120\">09.07.2005<\/td>\n<td><strong>Einladungsregatta des ARCW<\/strong> aus Anlass des 100j\u00e4hrigen Bestehens: 69 Boote, \u00fcberwiegend von Nachbarvereinen am Main, internationale Beteiligung aus Frankreich und Polen<\/td>\n<\/tr>\n<tr>\n<td width=\"120\">10.07.2005<\/td>\n<td><strong>BRV-Wasserspiele in W\u00fcrzburg<\/strong> (Ausrichter: ARCW) \/ Stadtachterrennen: Eine Renngemeinschaft aus ARCW und WRVB tritt gegen eine Mannschaft aus der Partnerstradt Caen\/ Frankreich an.<\/td>\n<\/tr>\n<tr>\n<td width=\"120\">15.10.2005<\/td>\n<td><strong>71. W\u00fcrzburger Ruderregatta<\/strong> 175 Boote; Rennausf\u00e4lle durch Einzelmeldung (ohne Gegner) konnte erstmals durch Start gegen Zeitvorgabe weitgehend vermieden werden.<\/td>\n<\/tr>\n<tr>\n<td width=\"120\">17.10.2009<\/td>\n<td><strong>75. W\u00fcrzburger Ruderregatta<\/strong> Zur Jubil\u00e4ums-Regatta konnte Rekord-Meldeergebnis von 137 Vereinen, 230 Booten und ca. 550 Ruderern (mit G\u00e4sten aus Niederlande \/ Irland) verzeichnet werden. Die Regattaleitung liegt jetzt beim neuen Vorstand aus Jan-Philipp Neumann und Tliman Schenk; Einsatz neuer EDV<\/td>\n<\/tr>\n<tr>\n<td width=\"120\">15.10.2011<\/td>\n<td><strong>77. W\u00fcrzburger Ruderregatta<\/strong> Das Regattab\u00fcro muss umziehen, da das Bootshaus der Universit\u00e4t durch Verfall nicht mehr nutzbar ist, der ARCW stellt sein Clubzimmer zur Verf\u00fcgung.<\/td>\n<\/tr>\n<tr>\n<td width=\"120\">15.10.2016<\/td>\n<td><strong>82. W\u00fcrzburger Ruderregatta<\/strong> Die Regatta erfreut sich immer gr\u00f6\u00dferer Beliebtheit: 260 Boote aus 97 Vereinen; Rennbeginn deshalb schon um 10:30 Uhr<\/td>\n<\/tr>\n<tr>\n<td width=\"120\">13.10.2018<\/td>\n<td><strong>84. W\u00fcrzburger Ruderregatta<\/strong> Die Meldezahlen n\u00e4hern sich 300 Booten<\/td>\n<\/tr>\n<\/tbody>\n<\/table>\n","protected":false},"excerpt":{"rendered":"<p>2019 blickt der Regattaverein W\u00fcrzburg auf 100 Jahre Bestehen und 143 Jahre Wettkampfrudern in W\u00fcrzburg zur\u00fcck. Die folgenden Angaben hat Volker Sator aus Festschriften, zeitgen\u00f6ssischen Zeitungsartikeln und den Archiven der W\u00fcrzburger Rudervereine \u00fcber die Jahre zusammengetragen, wof\u00fcr wir ihm sehr dankbar sind! Sicher ist die Aufstellung dennoch l\u00fcckenhaft und wir haben nicht zu allen Ereignissen [&hellip;]<\/p>\n","protected":false},"author":1,"featured_media":0,"parent":11,"menu_order":0,"comment_status":"closed","ping_status":"closed","template":"","meta":{"footnotes":""},"class_list":["post-292","page","type-page","status-publish","hentry"],"_links":{"self":[{"href":"http:\/\/www.regattaverein-wuerzburg.de\/index.php?rest_route=\/wp\/v2\/pages\/292","targetHints":{"allow":["GET"]}}],"collection":[{"href":"http:\/\/www.regattaverein-wuerzburg.de\/index.php?rest_route=\/wp\/v2\/pages"}],"about":[{"href":"http:\/\/www.regattaverein-wuerzburg.de\/index.php?rest_route=\/wp\/v2\/types\/page"}],"author":[{"embeddable":true,"href":"http:\/\/www.regattaverein-wuerzburg.de\/index.php?rest_route=\/wp\/v2\/users\/1"}],"replies":[{"embeddable":true,"href":"http:\/\/www.regattaverein-wuerzburg.de\/index.php?rest_route=%2Fwp%2Fv2%2Fcomments&post=292"}],"version-history":[{"count":100,"href":"http:\/\/www.regattaverein-wuerzburg.de\/index.php?rest_route=\/wp\/v2\/pages\/292\/revisions"}],"predecessor-version":[{"id":420,"href":"http:\/\/www.regattaverein-wuerzburg.de\/index.php?rest_route=\/wp\/v2\/pages\/292\/revisions\/420"}],"up":[{"embeddable":true,"href":"http:\/\/www.regattaverein-wuerzburg.de\/index.php?rest_route=\/wp\/v2\/pages\/11"}],"wp:attachment":[{"href":"http:\/\/www.regattaverein-wuerzburg.de\/index.php?rest_route=%2Fwp%2Fv2%2Fmedia&parent=292"}],"curies":[{"name":"wp","href":"https:\/\/api.w.org\/{rel}","templated":true}]}}