{"id":45,"date":"2014-01-26T14:11:23","date_gmt":"2014-01-26T12:11:23","guid":{"rendered":"http:\/\/www.regattaverein-wuerzburg.de\/neu\/?page_id=45"},"modified":"2024-10-10T15:26:36","modified_gmt":"2024-10-10T13:26:36","slug":"fahrtordnung","status":"publish","type":"page","link":"http:\/\/www.regattaverein-wuerzburg.de\/?page_id=45","title":{"rendered":"Fahrtordnung"},"content":{"rendered":"\n<p><strong>BItte unbedingt beachten: Am Freitag (Training) gilt eine andere Fahrtordnung als am Regattatag!<br><\/strong><\/p>\n\n\n\n<p>Fahrtordnung am Freitag (Training):<\/p>\n\n\n\n<figure class=\"wp-block-image size-large\"><img loading=\"lazy\" decoding=\"async\" width=\"1024\" height=\"768\" src=\"http:\/\/www.regattaverein-wuerzburg.de\/neu\/wp-content\/uploads\/Fahrtordnung-Freitag-Training-1024x768.jpg\" alt=\"\" class=\"wp-image-611\" srcset=\"http:\/\/www.regattaverein-wuerzburg.de\/neu\/wp-content\/uploads\/Fahrtordnung-Freitag-Training-1024x768.jpg 1024w, http:\/\/www.regattaverein-wuerzburg.de\/neu\/wp-content\/uploads\/Fahrtordnung-Freitag-Training-300x225.jpg 300w, http:\/\/www.regattaverein-wuerzburg.de\/neu\/wp-content\/uploads\/Fahrtordnung-Freitag-Training-768x576.jpg 768w, http:\/\/www.regattaverein-wuerzburg.de\/neu\/wp-content\/uploads\/Fahrtordnung-Freitag-Training-1536x1152.jpg 1536w, http:\/\/www.regattaverein-wuerzburg.de\/neu\/wp-content\/uploads\/Fahrtordnung-Freitag-Training-2048x1536.jpg 2048w\" sizes=\"auto, (max-width: 1024px) 100vw, 1024px\" \/><\/figure>\n\n\n\n<p><\/p>\n\n\n\n<p><\/p>\n\n\n\n<p>Am Regattatag herrscht auf dem Fluss grunds\u00e4tzlich Rechtsverkehr: Anfahrt zum Start auf der Bootshausseite.<\/p>\n\n\n\n<figure class=\"wp-block-image size-large\"><img loading=\"lazy\" decoding=\"async\" width=\"1024\" height=\"768\" src=\"http:\/\/www.regattaverein-wuerzburg.de\/neu\/wp-content\/uploads\/Fahrtordnung-Samstag-Regatta-1024x768.jpg\" alt=\"\" class=\"wp-image-610\" srcset=\"http:\/\/www.regattaverein-wuerzburg.de\/neu\/wp-content\/uploads\/Fahrtordnung-Samstag-Regatta-1024x768.jpg 1024w, http:\/\/www.regattaverein-wuerzburg.de\/neu\/wp-content\/uploads\/Fahrtordnung-Samstag-Regatta-300x225.jpg 300w, http:\/\/www.regattaverein-wuerzburg.de\/neu\/wp-content\/uploads\/Fahrtordnung-Samstag-Regatta-768x576.jpg 768w, http:\/\/www.regattaverein-wuerzburg.de\/neu\/wp-content\/uploads\/Fahrtordnung-Samstag-Regatta-1536x1152.jpg 1536w, http:\/\/www.regattaverein-wuerzburg.de\/neu\/wp-content\/uploads\/Fahrtordnung-Samstag-Regatta-2048x1536.jpg 2048w\" sizes=\"auto, (max-width: 1024px) 100vw, 1024px\" \/><\/figure>\n\n\n\n<p><br>Bitte beim Auffahren auf talw\u00e4rts fahrende Boote im Rennen achten und ggf. ausweichen.<br>Am Start erfolgt der Aufruf der Boote. Die Rennen werden im Ein-Minutenabstand gestartet. Bitte ausreichend Zeit f\u00fcr die Anfahrt zum Start einrechnen.<br>Im Rennen haben \u00dcberholende Vorrang. Der \u00dcberholte bleibt unter Land und gibt dem \u00dcberholenden die Flussmitte frei.<br>W\u00e4hrend der Schifffahrtspausen ist auf die Gro\u00dfschifffahrt zu achten. W\u00e4hrend der Sperrzeiten k\u00f6nnen auch Personenschiffe durchfahren.<\/p>\n\n\n\n<div align=\"center\">&nbsp;<\/div>\n","protected":false},"excerpt":{"rendered":"<p>BItte unbedingt beachten: Am Freitag (Training) gilt eine andere Fahrtordnung als am Regattatag! Fahrtordnung am Freitag (Training): Am Regattatag herrscht auf dem Fluss grunds\u00e4tzlich Rechtsverkehr: Anfahrt zum Start auf der Bootshausseite. Bitte beim Auffahren auf talw\u00e4rts fahrende Boote im Rennen achten und ggf. ausweichen.Am Start erfolgt der Aufruf der Boote. Die Rennen werden im Ein-Minutenabstand [&hellip;]<\/p>\n","protected":false},"author":1,"featured_media":0,"parent":0,"menu_order":0,"comment_status":"closed","ping_status":"closed","template":"","meta":{"footnotes":""},"class_list":["post-45","page","type-page","status-publish","hentry"],"_links":{"self":[{"href":"http:\/\/www.regattaverein-wuerzburg.de\/index.php?rest_route=\/wp\/v2\/pages\/45","targetHints":{"allow":["GET"]}}],"collection":[{"href":"http:\/\/www.regattaverein-wuerzburg.de\/index.php?rest_route=\/wp\/v2\/pages"}],"about":[{"href":"http:\/\/www.regattaverein-wuerzburg.de\/index.php?rest_route=\/wp\/v2\/types\/page"}],"author":[{"embeddable":true,"href":"http:\/\/www.regattaverein-wuerzburg.de\/index.php?rest_route=\/wp\/v2\/users\/1"}],"replies":[{"embeddable":true,"href":"http:\/\/www.regattaverein-wuerzburg.de\/index.php?rest_route=%2Fwp%2Fv2%2Fcomments&post=45"}],"version-history":[{"count":6,"href":"http:\/\/www.regattaverein-wuerzburg.de\/index.php?rest_route=\/wp\/v2\/pages\/45\/revisions"}],"predecessor-version":[{"id":613,"href":"http:\/\/www.regattaverein-wuerzburg.de\/index.php?rest_route=\/wp\/v2\/pages\/45\/revisions\/613"}],"wp:attachment":[{"href":"http:\/\/www.regattaverein-wuerzburg.de\/index.php?rest_route=%2Fwp%2Fv2%2Fmedia&parent=45"}],"curies":[{"name":"wp","href":"https:\/\/api.w.org\/{rel}","templated":true}]}}