{"id":47,"date":"2014-01-26T14:20:34","date_gmt":"2014-01-26T12:20:34","guid":{"rendered":"http:\/\/www.regattaverein-wuerzburg.de\/neu\/?page_id=47"},"modified":"2019-01-09T21:11:09","modified_gmt":"2019-01-09T19:11:09","slug":"anfahrt","status":"publish","type":"page","link":"http:\/\/www.regattaverein-wuerzburg.de\/?page_id=47","title":{"rendered":"Anfahrt"},"content":{"rendered":"<p>Am besten erreichen Sie den Sattelplatz und die Regattastrecke von der A3 Frankfurt-N\u00fcrnberg, Ausfahrt W\u00fcrzburg\/Heidingsfeld.<\/p>\n<p><a href=\"http:\/\/goo.gl\/maps\/XxoXq\" title=\"Anfahrtsskizze\" target=\"_blank\">Anfahrtskizze [Google maps]<\/a><\/p>\n<p>\u00d6PNV: Ab dem W\u00fcrzburger Hauptbahnhof mit den Stra\u00dfenbahnlinien 3 (Heuchelhof) oder 5 (Rottenbauer) bis zur Haltestelle &#8222;Ruderzentrum&#8220;.<\/p>\n<p>Lageplan:<\/p>\n<div align=\"center\">\n<img decoding=\"async\" src=\"http:\/\/www.regattaverein-wuerzburg.de\/neu\/Lageplan.jpg\" alt=\"Lageplan\" \/>\n<\/div>\n","protected":false},"excerpt":{"rendered":"<p>Am besten erreichen Sie den Sattelplatz und die Regattastrecke von der A3 Frankfurt-N\u00fcrnberg, Ausfahrt W\u00fcrzburg\/Heidingsfeld. Anfahrtskizze [Google maps] \u00d6PNV: Ab dem W\u00fcrzburger Hauptbahnhof mit den Stra\u00dfenbahnlinien 3 (Heuchelhof) oder 5 (Rottenbauer) bis zur Haltestelle &#8222;Ruderzentrum&#8220;. Lageplan:<\/p>\n","protected":false},"author":1,"featured_media":0,"parent":0,"menu_order":0,"comment_status":"closed","ping_status":"closed","template":"","meta":{"footnotes":""},"class_list":["post-47","page","type-page","status-publish","hentry"],"_links":{"self":[{"href":"http:\/\/www.regattaverein-wuerzburg.de\/index.php?rest_route=\/wp\/v2\/pages\/47","targetHints":{"allow":["GET"]}}],"collection":[{"href":"http:\/\/www.regattaverein-wuerzburg.de\/index.php?rest_route=\/wp\/v2\/pages"}],"about":[{"href":"http:\/\/www.regattaverein-wuerzburg.de\/index.php?rest_route=\/wp\/v2\/types\/page"}],"author":[{"embeddable":true,"href":"http:\/\/www.regattaverein-wuerzburg.de\/index.php?rest_route=\/wp\/v2\/users\/1"}],"replies":[{"embeddable":true,"href":"http:\/\/www.regattaverein-wuerzburg.de\/index.php?rest_route=%2Fwp%2Fv2%2Fcomments&post=47"}],"version-history":[{"count":12,"href":"http:\/\/www.regattaverein-wuerzburg.de\/index.php?rest_route=\/wp\/v2\/pages\/47\/revisions"}],"predecessor-version":[{"id":76,"href":"http:\/\/www.regattaverein-wuerzburg.de\/index.php?rest_route=\/wp\/v2\/pages\/47\/revisions\/76"}],"wp:attachment":[{"href":"http:\/\/www.regattaverein-wuerzburg.de\/index.php?rest_route=%2Fwp%2Fv2%2Fmedia&parent=47"}],"curies":[{"name":"wp","href":"https:\/\/api.w.org\/{rel}","templated":true}]}}