{"id":57,"date":"2014-01-26T14:52:41","date_gmt":"2014-01-26T12:52:41","guid":{"rendered":"http:\/\/www.regattaverein-wuerzburg.de\/neu\/?page_id=57"},"modified":"2019-01-09T21:12:59","modified_gmt":"2019-01-09T19:12:59","slug":"verpflegung","status":"publish","type":"page","link":"http:\/\/www.regattaverein-wuerzburg.de\/?page_id=57","title":{"rendered":"Verpflegung"},"content":{"rendered":"<p>Wer gerade nicht rudert, den hei\u00dfen wir herzlich auf dem Gel\u00e4nde vor dem ARCW-Bootshaus willkommen, wo das ARCW-Verpflegungsteam mit warmen Speisen, kalten Getr\u00e4nken (auch Frankenwein, nach dem Rennen), sowie Kaffee mit einem reichhaltigen Kuchenbuffet auf Sie wartet!<\/p>\n<div align=\"center\">\n<img decoding=\"async\" src=\"http:\/\/www.regattaverein-wuerzburg.de\/neu\/bilder\/Verpflegung1.jpg\" alt=\"Verpflegung\" \/><br \/>\n<img decoding=\"async\" src=\"http:\/\/www.regattaverein-wuerzburg.de\/neu\/bilder\/Verpflegung2.jpg\" alt=\"Verpflegung\" \/>\n<\/div>\n","protected":false},"excerpt":{"rendered":"<p>Wer gerade nicht rudert, den hei\u00dfen wir herzlich auf dem Gel\u00e4nde vor dem ARCW-Bootshaus willkommen, wo das ARCW-Verpflegungsteam mit warmen Speisen, kalten Getr\u00e4nken (auch Frankenwein, nach dem Rennen), sowie Kaffee mit einem reichhaltigen Kuchenbuffet auf Sie wartet!<\/p>\n","protected":false},"author":1,"featured_media":0,"parent":0,"menu_order":0,"comment_status":"closed","ping_status":"closed","template":"","meta":{"footnotes":""},"class_list":["post-57","page","type-page","status-publish","hentry"],"_links":{"self":[{"href":"http:\/\/www.regattaverein-wuerzburg.de\/index.php?rest_route=\/wp\/v2\/pages\/57","targetHints":{"allow":["GET"]}}],"collection":[{"href":"http:\/\/www.regattaverein-wuerzburg.de\/index.php?rest_route=\/wp\/v2\/pages"}],"about":[{"href":"http:\/\/www.regattaverein-wuerzburg.de\/index.php?rest_route=\/wp\/v2\/types\/page"}],"author":[{"embeddable":true,"href":"http:\/\/www.regattaverein-wuerzburg.de\/index.php?rest_route=\/wp\/v2\/users\/1"}],"replies":[{"embeddable":true,"href":"http:\/\/www.regattaverein-wuerzburg.de\/index.php?rest_route=%2Fwp%2Fv2%2Fcomments&post=57"}],"version-history":[{"count":3,"href":"http:\/\/www.regattaverein-wuerzburg.de\/index.php?rest_route=\/wp\/v2\/pages\/57\/revisions"}],"predecessor-version":[{"id":418,"href":"http:\/\/www.regattaverein-wuerzburg.de\/index.php?rest_route=\/wp\/v2\/pages\/57\/revisions\/418"}],"wp:attachment":[{"href":"http:\/\/www.regattaverein-wuerzburg.de\/index.php?rest_route=%2Fwp%2Fv2%2Fmedia&parent=57"}],"curies":[{"name":"wp","href":"https:\/\/api.w.org\/{rel}","templated":true}]}}